{"id":3410,"date":"2019-04-22T15:49:47","date_gmt":"2019-04-22T15:49:47","guid":{"rendered":"https:\/\/cms-properties.com\/?page_id=3410"},"modified":"2019-04-22T15:50:09","modified_gmt":"2019-04-22T15:50:09","slug":"como-llegar-a-roquetas-de-mar","status":"publish","type":"page","link":"https:\/\/cms-properties.com\/es\/como-llegar-a-roquetas-de-mar\/","title":{"rendered":"Como Llegar a Roquetas de Mar"},"content":{"rendered":"<p>Seguramente esta pagina le sirve m\u00e1s a un Extranjero que quiera venir a Roquetas de Mar por Avi\u00f3n o para organizar un viaje al Reino Unido.<\/p>\n<p>Pero a continuaci\u00f3n explico como llegar por Carretera:<\/p>\n<p><em>La Autovia A7 o del Mediterraneo pasa a 15 Kilometros de la Urbanizaci\u00f3n de Roquetas de Mar. Hay que coger la salida 429, pero si llevan un navegador quiz\u00e1s les lleve por otra salida que sobre todo en verano les v\u00e1 a ahorrar tiempo. Por la salida 429 pasar\u00e1n al lado del Pueblo de El Parador y a unos 8 Kilometros por el Pueblo de Roquetas de Mar que es donde est\u00e1 el Parque Comercial Gran Plaza, La Plaza de Toros, El Puerto de Roquetas de Mar y a aproximadamente 4 kilometros est\u00e1 la Urbanizaci\u00f3n de Roquetas de Mar y Playa Serena que es la zona m\u00e1s nueva con mayor numero de Hoteles.<br \/>\nSi vienen desde Madrid o desde el Norte en general les recomiendo que antes de llegar a Granada cojan la salida de \u201cIznalloz\u201d, esto les llevar\u00e1 por una Carretera general para varios kilometros hasta llegar a la Autovia A92 que pasa al lado de Guadix y Almeria. Al llegar a Almeria tienen que coger la Autovia del Mediterraneo A7 direcci\u00f3n Malaga y hasta la salida 429.<\/em><\/p>\n<p>Enlaces de los principales Lineas Aereas que Vuelan a Almeria y Malaga:<\/p>\n<p>&nbsp;<\/p>\n<p style=\"text-align: center;\"><a href=\"http:\/\/www.iberiaexpress.com\/en\/home\"><img loading=\"lazy\" class=\"aligncenter wp-image-3095 size-medium\" src=\"https:\/\/cms-properties.com\/wp-content\/uploads\/2019\/04\/express3-300x95-300x95.jpg\" alt=\"\" width=\"300\" height=\"95\" \/><\/a><\/p>\n<p style=\"text-align: center;\"><a href=\"http:\/\/https\/\/www.jet2.com\/\" class=\"broken_link\"><img loading=\"lazy\" class=\"aligncenter wp-image-3096 size-medium\" src=\"https:\/\/cms-properties.com\/wp-content\/uploads\/2019\/04\/monarch1-300x134-300x134.jpg\" alt=\"\" width=\"300\" height=\"134\" \/><\/a><\/p>\n<p style=\"text-align: center;\"><a href=\"http:\/\/www.easyjet.com\/en\/\"><img loading=\"lazy\" class=\"aligncenter wp-image-3094 size-medium\" src=\"https:\/\/cms-properties.com\/wp-content\/uploads\/2019\/04\/easyjet21-300x66-300x66.jpg\" alt=\"\" width=\"300\" height=\"66\" \/><\/a><\/p>\n<p style=\"text-align: center;\"><a href=\"http:\/\/www.ryanair.com\/en\/\"><img loading=\"lazy\" class=\"aligncenter wp-image-3098 size-medium\" src=\"https:\/\/cms-properties.com\/wp-content\/uploads\/2019\/04\/ryanair2-300x75-300x75.jpg\" alt=\"Ryanair\" width=\"300\" height=\"75\" \/><\/a><\/p>\n<p><a href=\"http:\/\/www.norwegian.com\/uk\/\" class=\"broken_link\"><img loading=\"lazy\" class=\"aligncenter wp-image-3097 size-medium\" src=\"https:\/\/cms-properties.com\/wp-content\/uploads\/2019\/04\/norwegian11-300x63-300x63.jpg\" alt=\"\" width=\"300\" height=\"63\" \/><\/a><\/p>\n<p style=\"text-align: center;\"><em>\u00a0<\/em><\/p>\n<p style=\"text-align: center;\"><a href=\"http:\/\/cms-properties.com\/wp-content\/uploads\/2015\/02\/balogo2-300x62.jpg\" class=\"broken_link\"><img loading=\"lazy\" class=\"aligncenter wp-image-3093 size-medium\" src=\"https:\/\/cms-properties.com\/wp-content\/uploads\/2019\/04\/balogo2-300x62-300x62.jpg\" alt=\"\" width=\"300\" height=\"62\" \/><\/a><\/p>\n<p><a href=\"http:\/\/flights.thomson.co.uk\/en\/index.html\" class=\"broken_link\"><img loading=\"lazy\" class=\"aligncenter wp-image-3099 size-medium\" src=\"https:\/\/cms-properties.com\/wp-content\/uploads\/2019\/04\/thomson1-300x107-300x107.jpg\" alt=\"\" width=\"300\" height=\"107\" \/><\/a><\/p>\n","protected":false},"excerpt":{"rendered":"<p>Seguramente esta pagina le sirve m\u00e1s a un Extranjero que quiera venir a Roquetas de Mar por Avi\u00f3n o para organizar un viaje al Reino Unido. Pero a continuaci\u00f3n explico como llegar por Carretera: La Autovia A7 o del Mediterraneo pasa a 15 Kilometros de la Urbanizaci\u00f3n de Roquetas de Mar. Hay que coger la [&hellip;]<\/p>\n","protected":false},"author":1,"featured_media":0,"parent":0,"menu_order":0,"comment_status":"closed","ping_status":"closed","template":"","meta":[],"_links":{"self":[{"href":"https:\/\/cms-properties.com\/es\/wp-json\/wp\/v2\/pages\/3410"}],"collection":[{"href":"https:\/\/cms-properties.com\/es\/wp-json\/wp\/v2\/pages"}],"about":[{"href":"https:\/\/cms-properties.com\/es\/wp-json\/wp\/v2\/types\/page"}],"author":[{"embeddable":true,"href":"https:\/\/cms-properties.com\/es\/wp-json\/wp\/v2\/users\/1"}],"replies":[{"embeddable":true,"href":"https:\/\/cms-properties.com\/es\/wp-json\/wp\/v2\/comments?post=3410"}],"version-history":[{"count":3,"href":"https:\/\/cms-properties.com\/es\/wp-json\/wp\/v2\/pages\/3410\/revisions"}],"predecessor-version":[{"id":3413,"href":"https:\/\/cms-properties.com\/es\/wp-json\/wp\/v2\/pages\/3410\/revisions\/3413"}],"wp:attachment":[{"href":"https:\/\/cms-properties.com\/es\/wp-json\/wp\/v2\/media?parent=3410"}],"curies":[{"name":"wp","href":"https:\/\/api.w.org\/{rel}","templated":true}]}}