{"id":3418,"date":"2019-04-22T15:55:47","date_gmt":"2019-04-22T15:55:47","guid":{"rendered":"https:\/\/cms-properties.com\/?page_id=3418"},"modified":"2019-04-22T15:56:10","modified_gmt":"2019-04-22T15:56:10","slug":"servicio-taxi","status":"publish","type":"page","link":"https:\/\/cms-properties.com\/es\/servicio-taxi\/","title":{"rendered":"Servicio Taxi"},"content":{"rendered":"<p>Ofrecemos un servicio de Taxi para 4 personas, 9 personas o Superior.<\/p>\n<p>\u00danicamente trabajamos con Chofers profesionales que ha diferencia de los particulares tienen Seguros espec\u00edficos y cuyos veh\u00edculos necesitan de una revisi\u00f3n mec\u00e1nica y de seguridad mayor.<\/p>\n<p>Nuestros Taxis, Mono volumen o Mini-Bus conocen la zona y las propiedades que alquilamos siendo as\u00ed m\u00e1s c\u00f3modo para el cliente.<\/p>\n<p>Desde el aeropuerto de Almeria a Roquetas de Mar. 12\u20ac por persona (Minimo 35\u20ac).<br \/>\nDesde el aeropuerto de Malaga \u00f3 Granada a Roquetas de Mar. 35\u20ac por persona (Minimo 80\u20ac).<br \/>\nDesde el aeropuerto de Alicante 40\u20ac por persona (Minimo 90\u20ac).<br \/>\nDesde el aeropuerto de Valencia o Sevilla 55\u20ac por persona (Minimo 130).<br \/>\nDesde el aeropuerto de Madrid 55\u20ac por persona (Minimo 150\u20ac).<\/p>\n<p>La Recogida con \u201cCartel\u201d tendr\u00e1 un suplemento de 10\u20ac.<br \/>\nEn caso de retraso del avi\u00f3n tendr\u00e1 un suplemento de 10\u20ac por hora.<br \/>\nLas Recogidas comprendidas entre las 22:00hrs y las 06:00hrs tendr\u00e1n un suplemento unico de 15\u20ac.<\/p>\n<p>&nbsp;<\/p>\n<p>&nbsp;<\/p>\n<p>&nbsp;<\/p>\n<p>&nbsp;<\/p>\n<p><a href=\"https:\/\/cms-properties.com\/wp-content\/uploads\/2019\/04\/taxi1.png\"><img loading=\"lazy\" class=\" wp-image-3088 aligncenter\" src=\"https:\/\/cms-properties.com\/wp-content\/uploads\/2019\/04\/taxi1-300x67.png\" alt=\"\" width=\"537\" height=\"120\" srcset=\"https:\/\/cms-properties.com\/wp-content\/uploads\/2019\/04\/taxi1-300x67.png 300w, https:\/\/cms-properties.com\/wp-content\/uploads\/2019\/04\/taxi1-768x173.png 768w, https:\/\/cms-properties.com\/wp-content\/uploads\/2019\/04\/taxi1-496x111.png 496w, https:\/\/cms-properties.com\/wp-content\/uploads\/2019\/04\/taxi1.png 792w\" sizes=\"(max-width: 537px) 100vw, 537px\" \/><\/a>Tambi\u00e9n nuestros precios son muy competitivos, p\u00eddanos presupuesto.<\/p>\n","protected":false},"excerpt":{"rendered":"<p>Ofrecemos un servicio de Taxi para 4 personas, 9 personas o Superior. \u00danicamente trabajamos con Chofers profesionales que ha diferencia de los particulares tienen Seguros espec\u00edficos y cuyos veh\u00edculos necesitan de una revisi\u00f3n mec\u00e1nica y de seguridad mayor. Nuestros Taxis, Mono volumen o Mini-Bus conocen la zona y las propiedades que alquilamos siendo as\u00ed m\u00e1s [&hellip;]<\/p>\n","protected":false},"author":1,"featured_media":0,"parent":0,"menu_order":0,"comment_status":"closed","ping_status":"closed","template":"","meta":[],"_links":{"self":[{"href":"https:\/\/cms-properties.com\/es\/wp-json\/wp\/v2\/pages\/3418"}],"collection":[{"href":"https:\/\/cms-properties.com\/es\/wp-json\/wp\/v2\/pages"}],"about":[{"href":"https:\/\/cms-properties.com\/es\/wp-json\/wp\/v2\/types\/page"}],"author":[{"embeddable":true,"href":"https:\/\/cms-properties.com\/es\/wp-json\/wp\/v2\/users\/1"}],"replies":[{"embeddable":true,"href":"https:\/\/cms-properties.com\/es\/wp-json\/wp\/v2\/comments?post=3418"}],"version-history":[{"count":2,"href":"https:\/\/cms-properties.com\/es\/wp-json\/wp\/v2\/pages\/3418\/revisions"}],"predecessor-version":[{"id":3420,"href":"https:\/\/cms-properties.com\/es\/wp-json\/wp\/v2\/pages\/3418\/revisions\/3420"}],"wp:attachment":[{"href":"https:\/\/cms-properties.com\/es\/wp-json\/wp\/v2\/media?parent=3418"}],"curies":[{"name":"wp","href":"https:\/\/api.w.org\/{rel}","templated":true}]}}