{"id":3425,"date":"2019-04-22T15:59:33","date_gmt":"2019-04-22T15:59:33","guid":{"rendered":"https:\/\/cms-properties.com\/?page_id=3425"},"modified":"2019-04-22T15:59:53","modified_gmt":"2019-04-22T15:59:53","slug":"television-inglesa","status":"publish","type":"page","link":"https:\/\/cms-properties.com\/es\/television-inglesa\/","title":{"rendered":"Televisi\u00f3n Inglesa"},"content":{"rendered":"<p>Cadenas ingelesas y Postvisualizaci\u00f3n \u2013 ofrecemos m\u00e1s de 40 cadenas de televisi\u00f3n y radio in ingl\u00e9s. Esto incluye 14 dias de Postvisualizaci\u00f3n.<br \/>\nPuede ver programas emitidos hasta de 14 dias anteriores desde el conformt de su sof\u00e1 con nuestro receptor.<br \/>\nAdem\u00e1s de ver los programas que no han podido ver, pueden darle al Pause, Rebobinar y Adelantar.<\/p>\n<p>Ofrecemos un sistema que ofrece estas cadenas atrav\u00e9s de Internet. Si no tiene una linea fija podemos instalar un sistema via radio y los meses que no lo use le sale por solo 5\u20ac. Si tiene una linea fija con internet podemos tambi\u00e9n darle el servicio de TV.<\/p>\n<p>&nbsp;<\/p>\n<p><a href=\"https:\/\/cms-properties.com\/wp-content\/uploads\/2019\/04\/tvchannels1.png\"><img loading=\"lazy\" class=\"alignnone wp-image-3104 size-full\" src=\"https:\/\/cms-properties.com\/wp-content\/uploads\/2019\/04\/tvchannels1.png\" alt=\"tvchannels1\" width=\"908\" height=\"341\" srcset=\"https:\/\/cms-properties.com\/wp-content\/uploads\/2019\/04\/tvchannels1.png 908w, https:\/\/cms-properties.com\/wp-content\/uploads\/2019\/04\/tvchannels1-300x113.png 300w, https:\/\/cms-properties.com\/wp-content\/uploads\/2019\/04\/tvchannels1-768x288.png 768w, https:\/\/cms-properties.com\/wp-content\/uploads\/2019\/04\/tvchannels1-496x186.png 496w\" sizes=\"(max-width: 908px) 100vw, 908px\" \/><\/a><\/p>\n<p>4mb Servicio Internet 12,89\u20ac+IVA al mes, 80\u20ac Cuota Instalaci\u00f3n.<br \/>\n6mb Servicio Internet 19,95\u20ac+IVA al mes, 50\u20ac.<br \/>\n(5\u20ac al mes cuando no se usa).<\/p>\n<p>Router WIFI 25\u20ac.<br \/>\nReceptor TV 127\u20ac(En Oferta).<br \/>\n14,95\u20ac+IVA al mes para ver las cadenas.<br \/>\nCuando no se usa para un mes entero, o hay cargo, pero los primeros 6 meses si hay que pagarlos.<\/p>\n<p>&nbsp;<\/p>\n<p>&nbsp;<\/p>\n","protected":false},"excerpt":{"rendered":"<p>Cadenas ingelesas y Postvisualizaci\u00f3n \u2013 ofrecemos m\u00e1s de 40 cadenas de televisi\u00f3n y radio in ingl\u00e9s. Esto incluye 14 dias de Postvisualizaci\u00f3n. Puede ver programas emitidos hasta de 14 dias anteriores desde el conformt de su sof\u00e1 con nuestro receptor. Adem\u00e1s de ver los programas que no han podido ver, pueden darle al Pause, Rebobinar [&hellip;]<\/p>\n","protected":false},"author":1,"featured_media":0,"parent":0,"menu_order":0,"comment_status":"closed","ping_status":"closed","template":"","meta":[],"_links":{"self":[{"href":"https:\/\/cms-properties.com\/es\/wp-json\/wp\/v2\/pages\/3425"}],"collection":[{"href":"https:\/\/cms-properties.com\/es\/wp-json\/wp\/v2\/pages"}],"about":[{"href":"https:\/\/cms-properties.com\/es\/wp-json\/wp\/v2\/types\/page"}],"author":[{"embeddable":true,"href":"https:\/\/cms-properties.com\/es\/wp-json\/wp\/v2\/users\/1"}],"replies":[{"embeddable":true,"href":"https:\/\/cms-properties.com\/es\/wp-json\/wp\/v2\/comments?post=3425"}],"version-history":[{"count":3,"href":"https:\/\/cms-properties.com\/es\/wp-json\/wp\/v2\/pages\/3425\/revisions"}],"predecessor-version":[{"id":3428,"href":"https:\/\/cms-properties.com\/es\/wp-json\/wp\/v2\/pages\/3425\/revisions\/3428"}],"wp:attachment":[{"href":"https:\/\/cms-properties.com\/es\/wp-json\/wp\/v2\/media?parent=3425"}],"curies":[{"name":"wp","href":"https:\/\/api.w.org\/{rel}","templated":true}]}}