{"id":3429,"date":"2016-03-14T19:34:37","date_gmt":"2016-03-14T19:34:37","guid":{"rendered":"https:\/\/cms-properties.com\/?page_id=3429"},"modified":"2021-06-19T13:59:14","modified_gmt":"2021-06-19T13:59:14","slug":"home","status":"publish","type":"page","link":"https:\/\/cms-properties.com\/es\/","title":{"rendered":"INICIO"},"content":{"rendered":"<h1 style=\"text-align: center;\">Bienvenidos a CMS Gesti\u00f3n de Viviendas Turisticas.<\/h1>\n<p style=\"text-align: center;\">Alquiler y Gesti\u00f3n de apartamentos turisticos en Roquetas de Mar. CMS Properties somos una inmobiliaria especializada en proporcionarle alojamiento para sus vacaciones o residencia habitual al mejor precio. Disponemos de propiedades en venta y alquiler repartidos a lo largo del municipio de Roquetas de Mar y Playa Serena.<\/p>\n<p style=\"text-align: center;\"><em>En la barra superior de esta pagina en\u00a0<strong>\u201cNuestro Servicios\u201d<\/strong> puede informarse nuestros servicios de Gesti\u00f3n de Viviendas Turisticas, de las Propiedades que tenemos en Alquiler, en Venta y los diferentes Servicios que ofrecemos como alquileres de Coches, Como Llegar a Roquetas\u2026 En <strong>\u201cQuienes Somos\u201d<\/strong>\u00a0aqu\u00ec nos pueden conocer un poco y donde se encuentra nuestra oficina. Y finalmente en\u00a0<strong>\u201cInfo Zona\u201d <\/strong>pueden ver una Gran Variedad de Actividades a realizar en la zona, Horarios de Autobuses, Cultura, Musica, Deporte, etc\u2026<\/em><\/p>\n<p style=\"text-align: center;\">Tenemos propiedades tanto en Primera linea de Playa, junto al Campo de Golf de Playa Serena y en otras localizaciones. Roquetas de Mar es conocido por su ambiente familiar, dispone de multiples servicios como un Parque Comercial, Parque Acuatico, Acuarium, Multiples Excursiones a la amplia oferta que ofrece la Provincia de Almeria.<\/p>\n<p style=\"text-align: center;\">Disponemos de una amplia gama de opciones que seguro no le dejaran indiferente para disfrutar de un entorno privilegiado con su familia. Apartamentos, D\u00faplex, chalets, locales, Estudios, \u00c1ticos y mucho m\u00e1s. Vis\u00edtenos o p\u00eddanos presupuesto sin compromiso, estaremos encantados de atenderle y solucionar cualquier problema que pueda tener de su inmueble.<\/p>\n<p style=\"text-align: center;\">CMS Properties tambi\u00e9n ofrece un amplio servicio para comunidades y viviendas particulares solventando cualquier problema o necesidad que pueda surgir, ofrecemos servicios de jardiner\u00eda, servicio de mantenimiento en general, servicio de seguridad, deje que sus preocupaciones sean nuestras preocupaciones y disfrute de estas grandes ventajas. Alquiler de apartamentos en Roquetas de Mar y Venta de apartamentos en Roquetas de Mar.<\/p>\n<p style=\"text-align: center;\"><b>V\u00eddeo<\/b><strong>\u00a0informativo de la zona<\/strong><\/p>\n<p><iframe loading=\"lazy\" title=\"Tourist video of Roquetas de Mar (English version)\" width=\"1170\" height=\"658\" src=\"https:\/\/www.youtube.com\/embed\/wgiXlnx1p4g?feature=oembed\" frameborder=\"0\" allow=\"accelerometer; autoplay; clipboard-write; encrypted-media; gyroscope; picture-in-picture\" allowfullscreen><\/iframe><\/p>\n<p style=\"text-align: center;\"><a href=\"https:\/\/www.vacacionesacaballo.com\" target=\"_blank\" rel=\"noopener noreferrer\" class=\"broken_link\"><img loading=\"lazy\" class=\"aligncenter wp-image-6067 \" src=\"https:\/\/cms-properties.com\/wp-content\/uploads\/2020\/02\/Cartel2.jpg\" alt=\"Cartel2\" width=\"963\" height=\"192\" srcset=\"https:\/\/cms-properties.com\/wp-content\/uploads\/2020\/02\/Cartel2.jpg 1772w, https:\/\/cms-properties.com\/wp-content\/uploads\/2020\/02\/Cartel2-300x60.jpg 300w, https:\/\/cms-properties.com\/wp-content\/uploads\/2020\/02\/Cartel2-1024x205.jpg 1024w, https:\/\/cms-properties.com\/wp-content\/uploads\/2020\/02\/Cartel2-768x153.jpg 768w, https:\/\/cms-properties.com\/wp-content\/uploads\/2020\/02\/Cartel2-1536x307.jpg 1536w, https:\/\/cms-properties.com\/wp-content\/uploads\/2020\/02\/Cartel2-496x99.jpg 496w\" sizes=\"(max-width: 963px) 100vw, 963px\" \/><\/a><\/p>\n<p style=\"text-align: center;\">\n","protected":false},"excerpt":{"rendered":"<p>Bienvenidos a CMS Gesti\u00f3n de Viviendas Turisticas. Alquiler y Gesti\u00f3n de apartamentos turisticos en Roquetas de Mar. CMS Properties somos una inmobiliaria especializada en proporcionarle alojamiento para sus vacaciones o residencia habitual al mejor precio. Disponemos de propiedades en venta y alquiler repartidos a lo largo del municipio de Roquetas de Mar y Playa Serena. [&hellip;]<\/p>\n","protected":false},"author":1,"featured_media":0,"parent":0,"menu_order":0,"comment_status":"closed","ping_status":"closed","template":"template\/template-homepage.php","meta":[],"_links":{"self":[{"href":"https:\/\/cms-properties.com\/es\/wp-json\/wp\/v2\/pages\/3429"}],"collection":[{"href":"https:\/\/cms-properties.com\/es\/wp-json\/wp\/v2\/pages"}],"about":[{"href":"https:\/\/cms-properties.com\/es\/wp-json\/wp\/v2\/types\/page"}],"author":[{"embeddable":true,"href":"https:\/\/cms-properties.com\/es\/wp-json\/wp\/v2\/users\/1"}],"replies":[{"embeddable":true,"href":"https:\/\/cms-properties.com\/es\/wp-json\/wp\/v2\/comments?post=3429"}],"version-history":[{"count":35,"href":"https:\/\/cms-properties.com\/es\/wp-json\/wp\/v2\/pages\/3429\/revisions"}],"predecessor-version":[{"id":6335,"href":"https:\/\/cms-properties.com\/es\/wp-json\/wp\/v2\/pages\/3429\/revisions\/6335"}],"wp:attachment":[{"href":"https:\/\/cms-properties.com\/es\/wp-json\/wp\/v2\/media?parent=3429"}],"curies":[{"name":"wp","href":"https:\/\/api.w.org\/{rel}","templated":true}]}}